{"id":274,"date":"2021-06-21T13:25:12","date_gmt":"2021-06-21T13:25:12","guid":{"rendered":"http:\/\/www.bkveterina.cz\/?page_id=274"},"modified":"2022-07-15T08:16:18","modified_gmt":"2022-07-15T08:16:18","slug":"ockovani","status":"publish","type":"page","link":"https:\/\/www.vetnac.cz\/index.php\/ockovani\/","title":{"rendered":"O\u010dkov\u00e1n\u00ed"},"content":{"rendered":"\n[et_pb_section fb_built=&#8220;1&#8243; _builder_version=&#8220;4.9.4&#8243; _module_preset=&#8220;default&#8220; custom_padding=&#8220;||210px|||&#8220;][et_pb_row _builder_version=&#8220;4.9.4&#8243; _module_preset=&#8220;default&#8220;][et_pb_column type=&#8220;4_4&#8243; _builder_version=&#8220;4.9.4&#8243; _module_preset=&#8220;default&#8220;][et_pb_code _builder_version=&#8220;4.9.4&#8243; _module_preset=&#8220;default&#8220;]<a name=\"klienti\"><\/a>[\/et_pb_code][et_pb_text _builder_version=&#8220;4.9.4&#8243; _module_preset=&#8220;default&#8220; header_2_font=&#8220;Poppins|600|||||||&#8220; header_2_text_color=&#8220;#005450&#8243; header_2_font_size=&#8220;60px&#8220; header_2_line_height=&#8220;1.2em&#8220; text_orientation=&#8220;center&#8220; header_2_font_size_tablet=&#8220;42px&#8220; header_2_font_size_phone=&#8220;24px&#8220; header_2_font_size_last_edited=&#8220;on|phone&#8220; locked=&#8220;off&#8220;]<h2>O\u010dkov\u00e1n\u00ed<\/h2>[\/et_pb_text][\/et_pb_column][\/et_pb_row][et_pb_row _builder_version=&#8220;4.9.4&#8243; _module_preset=&#8220;default&#8220; background_color=&#8220;#005450&#8243; border_radii=&#8220;on|15px|15px|15px|15px&#8220;][et_pb_column type=&#8220;4_4&#8243; _builder_version=&#8220;4.9.4&#8243; _module_preset=&#8220;default&#8220;][et_pb_blurb image=&#8220;http:\/\/www.vetnac.cz\/wp-content\/uploads\/2021\/05\/injectio.png&#8220; image_max_width=&#8220;10%&#8220; _builder_version=&#8220;4.9.4&#8243; _module_preset=&#8220;default&#8220; header_font=&#8220;Work Sans||||||||&#8220; header_font_size=&#8220;16px&#8220; header_line_height=&#8220;1.2em&#8220; text_orientation=&#8220;center&#8220; background_layout=&#8220;dark&#8220; custom_margin=&#8220;||-1px|||&#8220; animation=&#8220;off&#8220; locked=&#8220;off&#8220;][\/et_pb_blurb][et_pb_text _builder_version=&#8220;4.9.4&#8243; _module_preset=&#8220;default&#8220; text_font=&#8220;||||||||&#8220; text_font_size=&#8220;16px&#8220; background_layout=&#8220;dark&#8220; custom_margin=&#8220;||50px|||&#8220; custom_padding=&#8220;|5%||5%|false|true&#8220; hover_enabled=&#8220;0&#8243; sticky_enabled=&#8220;0&#8243;]<p style=\"text-align: center;\"><strong>Dob\u0159e zvolen\u00e9 o\u010dkov\u00e1n\u00ed je z\u00e1sadn\u00ed pro ochranu va\u0161ich mazl\u00ed\u010dk\u016f p\u0159ed onemocn\u011bn\u00edm. Ka\u017ed\u00e9 zv\u00ed\u0159\u00e1tko vy\u017eaduje jin\u00e9 o\u010dkovac\u00ed sch\u00e9ma, kter\u00e9 r\u00e1di individu\u00e1ln\u011b zkonzultujeme.<\/strong><\/p>[\/et_pb_text][\/et_pb_column][\/et_pb_row][\/et_pb_section]\n","protected":false},"excerpt":{"rendered":"<p>O\u010dkov\u00e1n\u00edDob\u0159e zvolen\u00e9 o\u010dkov\u00e1n\u00ed je z\u00e1sadn\u00ed pro ochranu va\u0161ich mazl\u00ed\u010dk\u016f p\u0159ed onemocn\u011bn\u00edm. Ka\u017ed\u00e9 zv\u00ed\u0159\u00e1tko vy\u017eaduje jin\u00e9 o\u010dkovac\u00ed sch\u00e9ma, kter\u00e9 r\u00e1di individu\u00e1ln\u011b zkonzultujeme.<\/p>\n","protected":false},"author":1,"featured_media":0,"parent":0,"menu_order":0,"comment_status":"closed","ping_status":"closed","template":"","meta":{"_et_pb_use_builder":"on","_et_pb_old_content":"","_et_gb_content_width":"","footnotes":""},"class_list":["post-274","page","type-page","status-publish","hentry"],"yoast_head":"<!-- This site is optimized with the Yoast SEO plugin v26.2 - https:\/\/yoast.com\/wordpress\/plugins\/seo\/ -->\n<title>O\u010dkov\u00e1n\u00ed | vetnac.cz<\/title>\n<meta name=\"description\" content=\"vetnac.cz | O\u010dkov\u00e1n\u00ed ko\u010dek, ps\u016f a dal\u0161\u00edch dom\u00e1c\u00edch mazl\u00ed\u010dk\u016f. Dob\u0159e zvolen\u00e9 o\u010dkov\u00e1n\u00ed je z\u00e1sadn\u00ed pro ochranu va\u0161ich mazl\u00ed\u010dk\u016f p\u0159ed onemocn\u011bn\u00edm.\" \/>\n<meta name=\"robots\" content=\"index, follow, max-snippet:-1, max-image-preview:large, max-video-preview:-1\" \/>\n<link rel=\"canonical\" href=\"https:\/\/www.vetnac.cz\/index.php\/ockovani\/\" \/>\n<meta property=\"og:locale\" content=\"cs_CZ\" \/>\n<meta property=\"og:type\" content=\"article\" \/>\n<meta property=\"og:title\" content=\"O\u010dkov\u00e1n\u00ed | vetnac.cz\" \/>\n<meta property=\"og:description\" content=\"vetnac.cz | O\u010dkov\u00e1n\u00ed ko\u010dek, ps\u016f a dal\u0161\u00edch dom\u00e1c\u00edch mazl\u00ed\u010dk\u016f. Dob\u0159e zvolen\u00e9 o\u010dkov\u00e1n\u00ed je z\u00e1sadn\u00ed pro ochranu va\u0161ich mazl\u00ed\u010dk\u016f p\u0159ed onemocn\u011bn\u00edm.\" \/>\n<meta property=\"og:url\" content=\"https:\/\/www.vetnac.cz\/index.php\/ockovani\/\" \/>\n<meta property=\"og:site_name\" content=\"vetnac.cz\" \/>\n<meta property=\"article:modified_time\" content=\"2022-07-15T08:16:18+00:00\" \/>\n<meta name=\"twitter:card\" content=\"summary_large_image\" \/>\n<meta name=\"twitter:label1\" content=\"Odhadovan\u00e1 doba \u010dten\u00ed\" \/>\n\t<meta name=\"twitter:data1\" content=\"1 minuta\" \/>\n<script type=\"application\/ld+json\" class=\"yoast-schema-graph\">{\"@context\":\"https:\/\/schema.org\",\"@graph\":[{\"@type\":\"WebPage\",\"@id\":\"https:\/\/www.vetnac.cz\/index.php\/ockovani\/\",\"url\":\"https:\/\/www.vetnac.cz\/index.php\/ockovani\/\",\"name\":\"O\u010dkov\u00e1n\u00ed | vetnac.cz\",\"isPartOf\":{\"@id\":\"https:\/\/www.vetnac.cz\/#website\"},\"datePublished\":\"2021-06-21T13:25:12+00:00\",\"dateModified\":\"2022-07-15T08:16:18+00:00\",\"description\":\"vetnac.cz | O\u010dkov\u00e1n\u00ed ko\u010dek, ps\u016f a dal\u0161\u00edch dom\u00e1c\u00edch mazl\u00ed\u010dk\u016f. Dob\u0159e zvolen\u00e9 o\u010dkov\u00e1n\u00ed je z\u00e1sadn\u00ed pro ochranu va\u0161ich mazl\u00ed\u010dk\u016f p\u0159ed onemocn\u011bn\u00edm.\",\"breadcrumb\":{\"@id\":\"https:\/\/www.vetnac.cz\/index.php\/ockovani\/#breadcrumb\"},\"inLanguage\":\"cs\",\"potentialAction\":[{\"@type\":\"ReadAction\",\"target\":[\"https:\/\/www.vetnac.cz\/index.php\/ockovani\/\"]}]},{\"@type\":\"BreadcrumbList\",\"@id\":\"https:\/\/www.vetnac.cz\/index.php\/ockovani\/#breadcrumb\",\"itemListElement\":[{\"@type\":\"ListItem\",\"position\":1,\"name\":\"Dom\u016f\",\"item\":\"https:\/\/www.vetnac.cz\/\"},{\"@type\":\"ListItem\",\"position\":2,\"name\":\"O\u010dkov\u00e1n\u00ed\"}]},{\"@type\":\"WebSite\",\"@id\":\"https:\/\/www.vetnac.cz\/#website\",\"url\":\"https:\/\/www.vetnac.cz\/\",\"name\":\"vetnac.cz\",\"description\":\"Veterin\u00e1\u0159ka Barbora Kykalov\u00e1\",\"publisher\":{\"@id\":\"https:\/\/www.vetnac.cz\/#organization\"},\"potentialAction\":[{\"@type\":\"SearchAction\",\"target\":{\"@type\":\"EntryPoint\",\"urlTemplate\":\"https:\/\/www.vetnac.cz\/?s={search_term_string}\"},\"query-input\":{\"@type\":\"PropertyValueSpecification\",\"valueRequired\":true,\"valueName\":\"search_term_string\"}}],\"inLanguage\":\"cs\"},{\"@type\":\"Organization\",\"@id\":\"https:\/\/www.vetnac.cz\/#organization\",\"name\":\"VetNAC\",\"url\":\"https:\/\/www.vetnac.cz\/\",\"logo\":{\"@type\":\"ImageObject\",\"inLanguage\":\"cs\",\"@id\":\"https:\/\/www.vetnac.cz\/#\/schema\/logo\/image\/\",\"url\":\"https:\/\/www.vetnac.cz\/wp-content\/uploads\/2022\/07\/VetNAC.jpg\",\"contentUrl\":\"https:\/\/www.vetnac.cz\/wp-content\/uploads\/2022\/07\/VetNAC.jpg\",\"width\":1080,\"height\":186,\"caption\":\"VetNAC\"},\"image\":{\"@id\":\"https:\/\/www.vetnac.cz\/#\/schema\/logo\/image\/\"},\"sameAs\":[\"https:\/\/www.instagram.com\/zvireci_doktorka_bara\/\"]}]}<\/script>\n<!-- \/ Yoast SEO plugin. -->","yoast_head_json":{"title":"O\u010dkov\u00e1n\u00ed | vetnac.cz","description":"vetnac.cz | O\u010dkov\u00e1n\u00ed ko\u010dek, ps\u016f a dal\u0161\u00edch dom\u00e1c\u00edch mazl\u00ed\u010dk\u016f. Dob\u0159e zvolen\u00e9 o\u010dkov\u00e1n\u00ed je z\u00e1sadn\u00ed pro ochranu va\u0161ich mazl\u00ed\u010dk\u016f p\u0159ed onemocn\u011bn\u00edm.","robots":{"index":"index","follow":"follow","max-snippet":"max-snippet:-1","max-image-preview":"max-image-preview:large","max-video-preview":"max-video-preview:-1"},"canonical":"https:\/\/www.vetnac.cz\/index.php\/ockovani\/","og_locale":"cs_CZ","og_type":"article","og_title":"O\u010dkov\u00e1n\u00ed | vetnac.cz","og_description":"vetnac.cz | O\u010dkov\u00e1n\u00ed ko\u010dek, ps\u016f a dal\u0161\u00edch dom\u00e1c\u00edch mazl\u00ed\u010dk\u016f. Dob\u0159e zvolen\u00e9 o\u010dkov\u00e1n\u00ed je z\u00e1sadn\u00ed pro ochranu va\u0161ich mazl\u00ed\u010dk\u016f p\u0159ed onemocn\u011bn\u00edm.","og_url":"https:\/\/www.vetnac.cz\/index.php\/ockovani\/","og_site_name":"vetnac.cz","article_modified_time":"2022-07-15T08:16:18+00:00","twitter_card":"summary_large_image","twitter_misc":{"Odhadovan\u00e1 doba \u010dten\u00ed":"1 minuta"},"schema":{"@context":"https:\/\/schema.org","@graph":[{"@type":"WebPage","@id":"https:\/\/www.vetnac.cz\/index.php\/ockovani\/","url":"https:\/\/www.vetnac.cz\/index.php\/ockovani\/","name":"O\u010dkov\u00e1n\u00ed | vetnac.cz","isPartOf":{"@id":"https:\/\/www.vetnac.cz\/#website"},"datePublished":"2021-06-21T13:25:12+00:00","dateModified":"2022-07-15T08:16:18+00:00","description":"vetnac.cz | O\u010dkov\u00e1n\u00ed ko\u010dek, ps\u016f a dal\u0161\u00edch dom\u00e1c\u00edch mazl\u00ed\u010dk\u016f. Dob\u0159e zvolen\u00e9 o\u010dkov\u00e1n\u00ed je z\u00e1sadn\u00ed pro ochranu va\u0161ich mazl\u00ed\u010dk\u016f p\u0159ed onemocn\u011bn\u00edm.","breadcrumb":{"@id":"https:\/\/www.vetnac.cz\/index.php\/ockovani\/#breadcrumb"},"inLanguage":"cs","potentialAction":[{"@type":"ReadAction","target":["https:\/\/www.vetnac.cz\/index.php\/ockovani\/"]}]},{"@type":"BreadcrumbList","@id":"https:\/\/www.vetnac.cz\/index.php\/ockovani\/#breadcrumb","itemListElement":[{"@type":"ListItem","position":1,"name":"Dom\u016f","item":"https:\/\/www.vetnac.cz\/"},{"@type":"ListItem","position":2,"name":"O\u010dkov\u00e1n\u00ed"}]},{"@type":"WebSite","@id":"https:\/\/www.vetnac.cz\/#website","url":"https:\/\/www.vetnac.cz\/","name":"vetnac.cz","description":"Veterin\u00e1\u0159ka Barbora Kykalov\u00e1","publisher":{"@id":"https:\/\/www.vetnac.cz\/#organization"},"potentialAction":[{"@type":"SearchAction","target":{"@type":"EntryPoint","urlTemplate":"https:\/\/www.vetnac.cz\/?s={search_term_string}"},"query-input":{"@type":"PropertyValueSpecification","valueRequired":true,"valueName":"search_term_string"}}],"inLanguage":"cs"},{"@type":"Organization","@id":"https:\/\/www.vetnac.cz\/#organization","name":"VetNAC","url":"https:\/\/www.vetnac.cz\/","logo":{"@type":"ImageObject","inLanguage":"cs","@id":"https:\/\/www.vetnac.cz\/#\/schema\/logo\/image\/","url":"https:\/\/www.vetnac.cz\/wp-content\/uploads\/2022\/07\/VetNAC.jpg","contentUrl":"https:\/\/www.vetnac.cz\/wp-content\/uploads\/2022\/07\/VetNAC.jpg","width":1080,"height":186,"caption":"VetNAC"},"image":{"@id":"https:\/\/www.vetnac.cz\/#\/schema\/logo\/image\/"},"sameAs":["https:\/\/www.instagram.com\/zvireci_doktorka_bara\/"]}]}},"_links":{"self":[{"href":"https:\/\/www.vetnac.cz\/index.php\/wp-json\/wp\/v2\/pages\/274","targetHints":{"allow":["GET"]}}],"collection":[{"href":"https:\/\/www.vetnac.cz\/index.php\/wp-json\/wp\/v2\/pages"}],"about":[{"href":"https:\/\/www.vetnac.cz\/index.php\/wp-json\/wp\/v2\/types\/page"}],"author":[{"embeddable":true,"href":"https:\/\/www.vetnac.cz\/index.php\/wp-json\/wp\/v2\/users\/1"}],"replies":[{"embeddable":true,"href":"https:\/\/www.vetnac.cz\/index.php\/wp-json\/wp\/v2\/comments?post=274"}],"version-history":[{"count":4,"href":"https:\/\/www.vetnac.cz\/index.php\/wp-json\/wp\/v2\/pages\/274\/revisions"}],"predecessor-version":[{"id":637,"href":"https:\/\/www.vetnac.cz\/index.php\/wp-json\/wp\/v2\/pages\/274\/revisions\/637"}],"wp:attachment":[{"href":"https:\/\/www.vetnac.cz\/index.php\/wp-json\/wp\/v2\/media?parent=274"}],"curies":[{"name":"wp","href":"https:\/\/api.w.org\/{rel}","templated":true}]}}