{"id":259,"date":"2021-06-21T12:55:38","date_gmt":"2021-06-21T12:55:38","guid":{"rendered":"http:\/\/www.bkveterina.cz\/?page_id=259"},"modified":"2022-07-15T08:19:39","modified_gmt":"2022-07-15T08:19:39","slug":"preventivni-pece","status":"publish","type":"page","link":"https:\/\/www.vetnac.cz\/index.php\/preventivni-pece\/","title":{"rendered":"Preventivn\u00ed p\u00e9\u010de"},"content":{"rendered":"\n[et_pb_section fb_built=&#8220;1&#8243; _builder_version=&#8220;4.9.4&#8243; _module_preset=&#8220;default&#8220; custom_padding=&#8220;||166px|||&#8220;][et_pb_row _builder_version=&#8220;4.9.4&#8243; _module_preset=&#8220;default&#8220;][et_pb_column type=&#8220;4_4&#8243; _builder_version=&#8220;4.9.4&#8243; _module_preset=&#8220;default&#8220;][et_pb_code _builder_version=&#8220;4.9.4&#8243; _module_preset=&#8220;default&#8220;]<a name=\"klienti\"><\/a>[\/et_pb_code][et_pb_text _builder_version=&#8220;4.9.4&#8243; _module_preset=&#8220;default&#8220; header_2_font=&#8220;Poppins|600|||||||&#8220; header_2_text_color=&#8220;#005450&#8243; header_2_font_size=&#8220;60px&#8220; header_2_line_height=&#8220;1.2em&#8220; text_orientation=&#8220;center&#8220; header_2_font_size_tablet=&#8220;42px&#8220; header_2_font_size_phone=&#8220;24px&#8220; header_2_font_size_last_edited=&#8220;on|phone&#8220; locked=&#8220;off&#8220;]<h2>Preventivn\u00ed p\u00e9\u010de<\/h2>[\/et_pb_text][\/et_pb_column][\/et_pb_row][et_pb_row _builder_version=&#8220;4.9.4&#8243; _module_preset=&#8220;default&#8220; background_color=&#8220;#002725&#8243; border_radii=&#8220;on|15px|15px|15px|15px&#8220;][et_pb_column type=&#8220;4_4&#8243; _builder_version=&#8220;4.9.4&#8243; _module_preset=&#8220;default&#8220;][et_pb_blurb image=&#8220;http:\/\/www.vetnac.cz\/wp-content\/uploads\/2021\/05\/family-doctor-icon-3-light.png&#8220; _builder_version=&#8220;4.9.4&#8243; _module_preset=&#8220;default&#8220; header_font=&#8220;Work Sans||||||||&#8220; header_font_size=&#8220;16px&#8220; header_line_height=&#8220;1.2em&#8220; text_orientation=&#8220;center&#8220; background_layout=&#8220;dark&#8220; custom_margin=&#8220;||1px|||&#8220; animation=&#8220;off&#8220;][\/et_pb_blurb][et_pb_text _builder_version=&#8220;4.9.4&#8243; _module_preset=&#8220;default&#8220; text_font=&#8220;||||||||&#8220; text_font_size=&#8220;16px&#8220; background_layout=&#8220;dark&#8220; custom_margin=&#8220;||50px|||&#8220; custom_padding=&#8220;|5%||5%|false|true&#8220;]<p style=\"text-align: center;\"><strong>Ka\u017edoro\u010dn\u00ed preventivn\u00ed prohl\u00eddky vyhodnocuj\u00ed celkov\u00e9 zdrav\u00ed va\u0161ich zv\u00ed\u0159\u00e1tek, a pom\u00e1haj\u00ed tak rozpoznat p\u0159\u00edpadn\u00e9 probl\u00e9my d\u0159\u00edve, ne\u017e se stanou v\u00e1\u017en\u00fdmi. Jsou tak velmi d\u016fle\u017eit\u00e9 pro zdrav\u00fd a dlouh\u00fd \u017eivot va\u0161eho mazl\u00ed\u010dka.<\/strong><\/p>\n<p style=\"text-align: center;\"><strong>Exotick\u00e1 zv\u00ed\u0159\u00e1tka \u010dasto nemoci skr\u00fdvaj\u00ed, jeliko\u017e mus\u00ed p\u0159e\u017e\u00edvat ve voln\u00e9 p\u0159\u00edrod\u011b, kde se neust\u00e1le ob\u00e1vaj\u00ed pred\u00e1tor\u016f. I kdy\u017e <br \/><\/strong><strong>s v\u00e1mi \u017eij\u00ed v pohodl\u00ed a m\u00edru, jejich p\u0159irozen\u00e9 instinkty nad\u00e1le p\u0159etrv\u00e1vaj\u00ed. N\u00e1\u0161 odborn\u00fd veterin\u00e1rn\u00ed t\u00fdm je vy\u0161kolen tak, aby v\u010das rozpoznal i jen drobn\u00e9 n\u00e1znaky nemoci a potvrdil je pomoc\u00ed pokro\u010dil\u00e9 diagnostick\u00e9 technologie.<\/strong><\/p>[\/et_pb_text][\/et_pb_column][\/et_pb_row][\/et_pb_section]\n","protected":false},"excerpt":{"rendered":"<p>Preventivn\u00ed p\u00e9\u010deKa\u017edoro\u010dn\u00ed preventivn\u00ed prohl\u00eddky vyhodnocuj\u00ed celkov\u00e9 zdrav\u00ed va\u0161ich zv\u00ed\u0159\u00e1tek, a pom\u00e1haj\u00ed tak rozpoznat p\u0159\u00edpadn\u00e9 probl\u00e9my d\u0159\u00edve, ne\u017e se stanou v\u00e1\u017en\u00fdmi. Jsou tak velmi d\u016fle\u017eit\u00e9 pro zdrav\u00fd a dlouh\u00fd \u017eivot va\u0161eho mazl\u00ed\u010dka. Exotick\u00e1 zv\u00ed\u0159\u00e1tka \u010dasto nemoci skr\u00fdvaj\u00ed, jeliko\u017e mus\u00ed p\u0159e\u017e\u00edvat ve voln\u00e9 p\u0159\u00edrod\u011b, kde se neust\u00e1le ob\u00e1vaj\u00ed pred\u00e1tor\u016f. I kdy\u017e s v\u00e1mi \u017eij\u00ed v pohodl\u00ed a [&hellip;]<\/p>\n","protected":false},"author":1,"featured_media":0,"parent":0,"menu_order":0,"comment_status":"closed","ping_status":"closed","template":"","meta":{"_et_pb_use_builder":"on","_et_pb_old_content":"","_et_gb_content_width":"","footnotes":""},"class_list":["post-259","page","type-page","status-publish","hentry"],"yoast_head":"<!-- This site is optimized with the Yoast SEO plugin v26.2 - https:\/\/yoast.com\/wordpress\/plugins\/seo\/ -->\n<title>Preventivn\u00ed p\u00e9\u010de | vetnac.cz<\/title>\n<meta name=\"description\" content=\"vetnac.cz | Ka\u017edoro\u010dn\u00ed preventivn\u00ed prohl\u00eddky vyhodnocuj\u00ed celkov\u00e9 zdrav\u00ed va\u0161ich zv\u00ed\u0159\u00e1tek, pom\u00e1haj\u00ed rozpoznat p\u0159\u00edpadn\u00e9 probl\u00e9my d\u0159\u00edve ne\u017e se stanou v\u00e1\u017en\u00fdmi.\" \/>\n<meta name=\"robots\" content=\"index, follow, max-snippet:-1, max-image-preview:large, max-video-preview:-1\" \/>\n<link rel=\"canonical\" href=\"https:\/\/www.vetnac.cz\/index.php\/preventivni-pece\/\" \/>\n<meta property=\"og:locale\" content=\"cs_CZ\" \/>\n<meta property=\"og:type\" content=\"article\" \/>\n<meta property=\"og:title\" content=\"Preventivn\u00ed p\u00e9\u010de | vetnac.cz\" \/>\n<meta property=\"og:description\" content=\"vetnac.cz | Ka\u017edoro\u010dn\u00ed preventivn\u00ed prohl\u00eddky vyhodnocuj\u00ed celkov\u00e9 zdrav\u00ed va\u0161ich zv\u00ed\u0159\u00e1tek, pom\u00e1haj\u00ed rozpoznat p\u0159\u00edpadn\u00e9 probl\u00e9my d\u0159\u00edve ne\u017e se stanou v\u00e1\u017en\u00fdmi.\" \/>\n<meta property=\"og:url\" content=\"https:\/\/www.vetnac.cz\/index.php\/preventivni-pece\/\" \/>\n<meta property=\"og:site_name\" content=\"vetnac.cz\" \/>\n<meta property=\"article:modified_time\" content=\"2022-07-15T08:19:39+00:00\" \/>\n<meta name=\"twitter:card\" content=\"summary_large_image\" \/>\n<meta name=\"twitter:label1\" content=\"Odhadovan\u00e1 doba \u010dten\u00ed\" \/>\n\t<meta name=\"twitter:data1\" content=\"1 minuta\" \/>\n<script type=\"application\/ld+json\" class=\"yoast-schema-graph\">{\"@context\":\"https:\/\/schema.org\",\"@graph\":[{\"@type\":\"WebPage\",\"@id\":\"https:\/\/www.vetnac.cz\/index.php\/preventivni-pece\/\",\"url\":\"https:\/\/www.vetnac.cz\/index.php\/preventivni-pece\/\",\"name\":\"Preventivn\u00ed p\u00e9\u010de | vetnac.cz\",\"isPartOf\":{\"@id\":\"https:\/\/www.vetnac.cz\/#website\"},\"datePublished\":\"2021-06-21T12:55:38+00:00\",\"dateModified\":\"2022-07-15T08:19:39+00:00\",\"description\":\"vetnac.cz | Ka\u017edoro\u010dn\u00ed preventivn\u00ed prohl\u00eddky vyhodnocuj\u00ed celkov\u00e9 zdrav\u00ed va\u0161ich zv\u00ed\u0159\u00e1tek, pom\u00e1haj\u00ed rozpoznat p\u0159\u00edpadn\u00e9 probl\u00e9my d\u0159\u00edve ne\u017e se stanou v\u00e1\u017en\u00fdmi.\",\"breadcrumb\":{\"@id\":\"https:\/\/www.vetnac.cz\/index.php\/preventivni-pece\/#breadcrumb\"},\"inLanguage\":\"cs\",\"potentialAction\":[{\"@type\":\"ReadAction\",\"target\":[\"https:\/\/www.vetnac.cz\/index.php\/preventivni-pece\/\"]}]},{\"@type\":\"BreadcrumbList\",\"@id\":\"https:\/\/www.vetnac.cz\/index.php\/preventivni-pece\/#breadcrumb\",\"itemListElement\":[{\"@type\":\"ListItem\",\"position\":1,\"name\":\"Dom\u016f\",\"item\":\"https:\/\/www.vetnac.cz\/\"},{\"@type\":\"ListItem\",\"position\":2,\"name\":\"Preventivn\u00ed p\u00e9\u010de\"}]},{\"@type\":\"WebSite\",\"@id\":\"https:\/\/www.vetnac.cz\/#website\",\"url\":\"https:\/\/www.vetnac.cz\/\",\"name\":\"vetnac.cz\",\"description\":\"Veterin\u00e1\u0159ka Barbora Kykalov\u00e1\",\"publisher\":{\"@id\":\"https:\/\/www.vetnac.cz\/#organization\"},\"potentialAction\":[{\"@type\":\"SearchAction\",\"target\":{\"@type\":\"EntryPoint\",\"urlTemplate\":\"https:\/\/www.vetnac.cz\/?s={search_term_string}\"},\"query-input\":{\"@type\":\"PropertyValueSpecification\",\"valueRequired\":true,\"valueName\":\"search_term_string\"}}],\"inLanguage\":\"cs\"},{\"@type\":\"Organization\",\"@id\":\"https:\/\/www.vetnac.cz\/#organization\",\"name\":\"VetNAC\",\"url\":\"https:\/\/www.vetnac.cz\/\",\"logo\":{\"@type\":\"ImageObject\",\"inLanguage\":\"cs\",\"@id\":\"https:\/\/www.vetnac.cz\/#\/schema\/logo\/image\/\",\"url\":\"https:\/\/www.vetnac.cz\/wp-content\/uploads\/2022\/07\/VetNAC.jpg\",\"contentUrl\":\"https:\/\/www.vetnac.cz\/wp-content\/uploads\/2022\/07\/VetNAC.jpg\",\"width\":1080,\"height\":186,\"caption\":\"VetNAC\"},\"image\":{\"@id\":\"https:\/\/www.vetnac.cz\/#\/schema\/logo\/image\/\"},\"sameAs\":[\"https:\/\/www.instagram.com\/zvireci_doktorka_bara\/\"]}]}<\/script>\n<!-- \/ Yoast SEO plugin. -->","yoast_head_json":{"title":"Preventivn\u00ed p\u00e9\u010de | vetnac.cz","description":"vetnac.cz | Ka\u017edoro\u010dn\u00ed preventivn\u00ed prohl\u00eddky vyhodnocuj\u00ed celkov\u00e9 zdrav\u00ed va\u0161ich zv\u00ed\u0159\u00e1tek, pom\u00e1haj\u00ed rozpoznat p\u0159\u00edpadn\u00e9 probl\u00e9my d\u0159\u00edve ne\u017e se stanou v\u00e1\u017en\u00fdmi.","robots":{"index":"index","follow":"follow","max-snippet":"max-snippet:-1","max-image-preview":"max-image-preview:large","max-video-preview":"max-video-preview:-1"},"canonical":"https:\/\/www.vetnac.cz\/index.php\/preventivni-pece\/","og_locale":"cs_CZ","og_type":"article","og_title":"Preventivn\u00ed p\u00e9\u010de | vetnac.cz","og_description":"vetnac.cz | Ka\u017edoro\u010dn\u00ed preventivn\u00ed prohl\u00eddky vyhodnocuj\u00ed celkov\u00e9 zdrav\u00ed va\u0161ich zv\u00ed\u0159\u00e1tek, pom\u00e1haj\u00ed rozpoznat p\u0159\u00edpadn\u00e9 probl\u00e9my d\u0159\u00edve ne\u017e se stanou v\u00e1\u017en\u00fdmi.","og_url":"https:\/\/www.vetnac.cz\/index.php\/preventivni-pece\/","og_site_name":"vetnac.cz","article_modified_time":"2022-07-15T08:19:39+00:00","twitter_card":"summary_large_image","twitter_misc":{"Odhadovan\u00e1 doba \u010dten\u00ed":"1 minuta"},"schema":{"@context":"https:\/\/schema.org","@graph":[{"@type":"WebPage","@id":"https:\/\/www.vetnac.cz\/index.php\/preventivni-pece\/","url":"https:\/\/www.vetnac.cz\/index.php\/preventivni-pece\/","name":"Preventivn\u00ed p\u00e9\u010de | vetnac.cz","isPartOf":{"@id":"https:\/\/www.vetnac.cz\/#website"},"datePublished":"2021-06-21T12:55:38+00:00","dateModified":"2022-07-15T08:19:39+00:00","description":"vetnac.cz | Ka\u017edoro\u010dn\u00ed preventivn\u00ed prohl\u00eddky vyhodnocuj\u00ed celkov\u00e9 zdrav\u00ed va\u0161ich zv\u00ed\u0159\u00e1tek, pom\u00e1haj\u00ed rozpoznat p\u0159\u00edpadn\u00e9 probl\u00e9my d\u0159\u00edve ne\u017e se stanou v\u00e1\u017en\u00fdmi.","breadcrumb":{"@id":"https:\/\/www.vetnac.cz\/index.php\/preventivni-pece\/#breadcrumb"},"inLanguage":"cs","potentialAction":[{"@type":"ReadAction","target":["https:\/\/www.vetnac.cz\/index.php\/preventivni-pece\/"]}]},{"@type":"BreadcrumbList","@id":"https:\/\/www.vetnac.cz\/index.php\/preventivni-pece\/#breadcrumb","itemListElement":[{"@type":"ListItem","position":1,"name":"Dom\u016f","item":"https:\/\/www.vetnac.cz\/"},{"@type":"ListItem","position":2,"name":"Preventivn\u00ed p\u00e9\u010de"}]},{"@type":"WebSite","@id":"https:\/\/www.vetnac.cz\/#website","url":"https:\/\/www.vetnac.cz\/","name":"vetnac.cz","description":"Veterin\u00e1\u0159ka Barbora Kykalov\u00e1","publisher":{"@id":"https:\/\/www.vetnac.cz\/#organization"},"potentialAction":[{"@type":"SearchAction","target":{"@type":"EntryPoint","urlTemplate":"https:\/\/www.vetnac.cz\/?s={search_term_string}"},"query-input":{"@type":"PropertyValueSpecification","valueRequired":true,"valueName":"search_term_string"}}],"inLanguage":"cs"},{"@type":"Organization","@id":"https:\/\/www.vetnac.cz\/#organization","name":"VetNAC","url":"https:\/\/www.vetnac.cz\/","logo":{"@type":"ImageObject","inLanguage":"cs","@id":"https:\/\/www.vetnac.cz\/#\/schema\/logo\/image\/","url":"https:\/\/www.vetnac.cz\/wp-content\/uploads\/2022\/07\/VetNAC.jpg","contentUrl":"https:\/\/www.vetnac.cz\/wp-content\/uploads\/2022\/07\/VetNAC.jpg","width":1080,"height":186,"caption":"VetNAC"},"image":{"@id":"https:\/\/www.vetnac.cz\/#\/schema\/logo\/image\/"},"sameAs":["https:\/\/www.instagram.com\/zvireci_doktorka_bara\/"]}]}},"_links":{"self":[{"href":"https:\/\/www.vetnac.cz\/index.php\/wp-json\/wp\/v2\/pages\/259","targetHints":{"allow":["GET"]}}],"collection":[{"href":"https:\/\/www.vetnac.cz\/index.php\/wp-json\/wp\/v2\/pages"}],"about":[{"href":"https:\/\/www.vetnac.cz\/index.php\/wp-json\/wp\/v2\/types\/page"}],"author":[{"embeddable":true,"href":"https:\/\/www.vetnac.cz\/index.php\/wp-json\/wp\/v2\/users\/1"}],"replies":[{"embeddable":true,"href":"https:\/\/www.vetnac.cz\/index.php\/wp-json\/wp\/v2\/comments?post=259"}],"version-history":[{"count":8,"href":"https:\/\/www.vetnac.cz\/index.php\/wp-json\/wp\/v2\/pages\/259\/revisions"}],"predecessor-version":[{"id":638,"href":"https:\/\/www.vetnac.cz\/index.php\/wp-json\/wp\/v2\/pages\/259\/revisions\/638"}],"wp:attachment":[{"href":"https:\/\/www.vetnac.cz\/index.php\/wp-json\/wp\/v2\/media?parent=259"}],"curies":[{"name":"wp","href":"https:\/\/api.w.org\/{rel}","templated":true}]}}